{"id":34842,"date":"2023-03-07T13:55:04","date_gmt":"2023-03-07T10:55:04","guid":{"rendered":"https:\/\/www.detayendustri.com\/hakkimizda\/"},"modified":"2026-03-04T11:36:27","modified_gmt":"2026-03-04T08:36:27","slug":"about-us","status":"publish","type":"page","link":"https:\/\/www.detayendustri.com\/en\/about-us\/","title":{"rendered":"About Us"},"content":{"rendered":"\t\t<div data-elementor-type=\"wp-page\" data-elementor-id=\"34842\" class=\"elementor elementor-34842 elementor-29507\" data-elementor-post-type=\"page\">\n\t\t\t\t\t\t<section class=\"elementor-section elementor-top-section elementor-element elementor-element-a2a9a63 elementor-section-boxed elementor-section-height-default elementor-section-height-default sc_fly_static\" data-id=\"a2a9a63\" data-element_type=\"section\" data-e-type=\"section\">\n\t\t\t\t\t\t<div class=\"elementor-container elementor-column-gap-extended\">\n\t\t\t\t\t<div class=\"elementor-column elementor-col-100 elementor-top-column elementor-element elementor-element-af17221 sc_content_align_inherit sc_layouts_column_icons_position_left sc_fly_static\" data-id=\"af17221\" data-element_type=\"column\" data-e-type=\"column\">\n\t\t\t<div class=\"elementor-widget-wrap elementor-element-populated\">\n\t\t\t\t\t\t<div class=\"elementor-element elementor-element-e53e8f6 sc_height_huge sc_fly_static elementor-widget elementor-widget-spacer\" data-id=\"e53e8f6\" data-element_type=\"widget\" data-e-type=\"widget\" data-widget_type=\"spacer.default\">\n\t\t\t\t<div class=\"elementor-widget-container\">\n\t\t\t\t\t\t\t<div class=\"elementor-spacer\">\n\t\t\t<div class=\"elementor-spacer-inner\"><\/div>\n\t\t<\/div>\n\t\t\t\t\t\t<\/div>\n\t\t\t\t<\/div>\n\t\t\t\t\t<\/div>\n\t\t<\/div>\n\t\t\t\t\t<\/div>\n\t\t<\/section>\n\t\t\t\t<section class=\"elementor-section elementor-top-section elementor-element elementor-element-1de30cb elementor-section-content-middle elementor-section-boxed elementor-section-height-default elementor-section-height-default sc_fly_static\" data-id=\"1de30cb\" data-element_type=\"section\" data-e-type=\"section\">\n\t\t\t\t\t\t<div class=\"elementor-container elementor-column-gap-extended\">\n\t\t\t\t\t<div class=\"elementor-column elementor-col-50 elementor-top-column elementor-element elementor-element-567174c sc_content_align_inherit sc_layouts_column_icons_position_left sc_fly_static\" data-id=\"567174c\" data-element_type=\"column\" data-e-type=\"column\">\n\t\t\t<div class=\"elementor-widget-wrap elementor-element-populated\">\n\t\t\t\t\t\t<section class=\"elementor-section elementor-inner-section elementor-element elementor-element-f5faf17 elementor-section-content-bottom elementor-section-boxed elementor-section-height-default elementor-section-height-default sc_fly_static\" data-id=\"f5faf17\" data-element_type=\"section\" data-e-type=\"section\">\n\t\t\t\t\t\t<div class=\"elementor-container elementor-column-gap-no\">\n\t\t\t\t\t<div class=\"elementor-column elementor-col-100 elementor-inner-column elementor-element elementor-element-cb1724d sc_content_align_inherit sc_layouts_column_icons_position_left sc_fly_static\" data-id=\"cb1724d\" data-element_type=\"column\" data-e-type=\"column\">\n\t\t\t<div class=\"elementor-widget-wrap elementor-element-populated\">\n\t\t\t\t\t\t<div data-animation-type=\"block\" class=\"elementor-element elementor-element-1f23884 elementor-widget__width-auto no-title animation_type_block sc_fly_static elementor-invisible elementor-widget elementor-widget-image\" data-id=\"1f23884\" data-element_type=\"widget\" data-e-type=\"widget\" data-settings=\"{&quot;_animation&quot;:&quot;edifice-fadeinup&quot;}\" data-widget_type=\"image.default\">\n\t\t\t\t<div class=\"elementor-widget-container\">\n\t\t\t\t\t\t\t\t\t\t\t\t<figure class=\"wp-caption\">\n\t\t\t\t\t\t\t\t\t\t<img decoding=\"async\" src=\"https:\/\/www.detayendustri.com\/wp-content\/uploads\/2025\/12\/ana-sayfa-hakkimizda-gorseli.jpeg\" title=\"ana sayfa-hakkimizda-gorseli\" alt=\"ana sayfa-hakkimizda-gorseli\" loading=\"lazy\" \/>\t\t\t\t\t\t\t\t\t\t\t<figcaption class=\"widget-image-caption wp-caption-text\"><\/figcaption>\n\t\t\t\t\t\t\t\t\t\t<\/figure>\n\t\t\t\t\t\t\t\t\t<\/div>\n\t\t\t\t<\/div>\n\t\t\t\t<div data-animation-type=\"block\" class=\"elementor-element elementor-element-ebf1667 elementor-widget__width-initial elementor-absolute scheme_dark animation_type_block sc_fly_static elementor-invisible elementor-widget elementor-widget-trx_sc_title\" data-id=\"ebf1667\" data-element_type=\"widget\" data-e-type=\"widget\" data-settings=\"{&quot;_position&quot;:&quot;absolute&quot;,&quot;_animation&quot;:&quot;edifice-fadeinup&quot;,&quot;_animation_delay&quot;:100}\" data-widget_type=\"trx_sc_title.default\">\n\t\t\t\t<div class=\"elementor-widget-container\">\n\t\t\t\t\t<div\t\tclass=\"sc_title scheme_dark sc_title_default\" ><h3 class=\"sc_item_title sc_title_title sc_item_title_style_default sc_item_title_tag\"\n\t\t\t><span class=\"sc_item_title_text\">We create functional and durable workspaces!<\/span><\/h3><\/div>\t\t\t\t<\/div>\n\t\t\t\t<\/div>\n\t\t\t\t\t<\/div>\n\t\t<\/div>\n\t\t\t\t\t<\/div>\n\t\t<\/section>\n\t\t\t\t\t<\/div>\n\t\t<\/div>\n\t\t\t\t<div class=\"elementor-column elementor-col-50 elementor-top-column elementor-element elementor-element-7da7011 sc_content_align_inherit sc_layouts_column_icons_position_left sc_fly_static\" data-id=\"7da7011\" data-element_type=\"column\" data-e-type=\"column\">\n\t\t\t<div class=\"elementor-widget-wrap elementor-element-populated\">\n\t\t\t\t\t\t<div class=\"elementor-element elementor-element-4ee02fb sc_fly_static elementor-widget elementor-widget-trx_sc_title\" data-id=\"4ee02fb\" data-element_type=\"widget\" data-e-type=\"widget\" data-widget_type=\"trx_sc_title.default\">\n\t\t\t\t<div class=\"elementor-widget-container\">\n\t\t\t\t\t<div\t\tclass=\"sc_title sc_title_default\" ><h1 class=\"sc_item_title sc_title_title sc_item_title_style_default sc_item_title_tag\"\n\t\t\t><span class=\"sc_item_title_text\">About Us<\/span><\/h1><div class=\"sc_item_descr sc_title_descr\"><p>Detail Industry Equipment, mainly operates in the field of interior cabinet equipment, mold shelf with drawers, work benches, material and tool cabinets, light and medium type shelf systems.<\/p>\n<p>As the founder of the company, he has been serving the Turkish industry by continuing his steel goods experience of more than 50 years, which started in Istanbul, in Bursa since 1984. Its fields of activity are roadside assistance and maintenance and repair vehicles, factories, shipyards, auto services, hospitals, universities, libraries and many other sectors.<\/p>\n<p>Detail Industry Equipment, to be the pioneer of the sector, to meet customer needs in a timely and correct manner, to find the right product according to customer needs by exchanging ideas, not only with sell-sell, to ensure customer satisfaction and to increase its continuity, to always be a reliable company with after-sales service and product quality principle.<\/p>\n<\/div><\/div>\t\t\t\t<\/div>\n\t\t\t\t<\/div>\n\t\t\t\t<div class=\"elementor-element elementor-element-7f8ae09 sc_fly_static elementor-widget elementor-widget-spacer\" data-id=\"7f8ae09\" data-element_type=\"widget\" data-e-type=\"widget\" data-widget_type=\"spacer.default\">\n\t\t\t\t<div class=\"elementor-widget-container\">\n\t\t\t\t\t\t\t<div class=\"elementor-spacer\">\n\t\t\t<div class=\"elementor-spacer-inner\"><\/div>\n\t\t<\/div>\n\t\t\t\t\t\t<\/div>\n\t\t\t\t<\/div>\n\t\t\t\t<div class=\"elementor-element elementor-element-9472f88 sc_fly_static elementor-widget elementor-widget-spacer\" data-id=\"9472f88\" data-element_type=\"widget\" data-e-type=\"widget\" data-widget_type=\"spacer.default\">\n\t\t\t\t<div class=\"elementor-widget-container\">\n\t\t\t\t\t\t\t<div class=\"elementor-spacer\">\n\t\t\t<div class=\"elementor-spacer-inner\"><\/div>\n\t\t<\/div>\n\t\t\t\t\t\t<\/div>\n\t\t\t\t<\/div>\n\t\t\t\t<div class=\"elementor-element elementor-element-744d84f sc_fly_static elementor-widget elementor-widget-trx_sc_button\" data-id=\"744d84f\" data-element_type=\"widget\" data-e-type=\"widget\" data-widget_type=\"trx_sc_button.default\">\n\t\t\t\t<div class=\"elementor-widget-container\">\n\t\t\t\t\t<div\tclass=\"sc_item_button sc_button_wrap\" ><a href=\"https:\/\/www.detayendustri.com\/en\/contact\/\" class=\"sc_button sc_button_decoration sc_button_size_normal sc_button_icon_left\" ><span class=\"sc_button_text\"><span class=\"sc_button_title\">Get in touch<\/span><\/span><\/a><\/div>\t\t\t\t<\/div>\n\t\t\t\t<\/div>\n\t\t\t\t\t<\/div>\n\t\t<\/div>\n\t\t\t\t\t<\/div>\n\t\t<\/section>\n\t\t\t\t<section class=\"elementor-section elementor-top-section elementor-element elementor-element-9afcb82 elementor-section-boxed elementor-section-height-default elementor-section-height-default sc_fly_static\" data-id=\"9afcb82\" data-element_type=\"section\" data-e-type=\"section\">\n\t\t\t\t\t\t<div class=\"elementor-container elementor-column-gap-extended\">\n\t\t\t\t\t<div class=\"elementor-column elementor-col-100 elementor-top-column elementor-element elementor-element-ccdb106 sc_content_align_inherit sc_layouts_column_icons_position_left sc_fly_static\" data-id=\"ccdb106\" data-element_type=\"column\" data-e-type=\"column\">\n\t\t\t<div class=\"elementor-widget-wrap elementor-element-populated\">\n\t\t\t\t\t\t<div class=\"elementor-element elementor-element-f93b355 sc_height_huge sc_fly_static elementor-widget elementor-widget-spacer\" data-id=\"f93b355\" data-element_type=\"widget\" data-e-type=\"widget\" data-widget_type=\"spacer.default\">\n\t\t\t\t<div class=\"elementor-widget-container\">\n\t\t\t\t\t\t\t<div class=\"elementor-spacer\">\n\t\t\t<div class=\"elementor-spacer-inner\"><\/div>\n\t\t<\/div>\n\t\t\t\t\t\t<\/div>\n\t\t\t\t<\/div>\n\t\t\t\t<section class=\"elementor-section elementor-inner-section elementor-element elementor-element-0d4c807 elementor-section-boxed elementor-section-height-default elementor-section-height-default sc_fly_static\" data-id=\"0d4c807\" data-element_type=\"section\" data-e-type=\"section\">\n\t\t\t\t\t\t<div class=\"elementor-container elementor-column-gap-no\">\n\t\t\t\t\t<div class=\"elementor-column elementor-col-100 elementor-inner-column elementor-element elementor-element-5c92d35 sc_content_align_inherit sc_layouts_column_icons_position_left sc_fly_static\" data-id=\"5c92d35\" data-element_type=\"column\" data-e-type=\"column\">\n\t\t\t<div class=\"elementor-widget-wrap elementor-element-populated\">\n\t\t\t\t\t\t<div class=\"elementor-element elementor-element-7822f45 sc_fly_static elementor-widget elementor-widget-trx_sc_skills\" data-id=\"7822f45\" data-element_type=\"widget\" data-e-type=\"widget\" data-widget_type=\"trx_sc_skills.default\">\n\t\t\t\t<div class=\"elementor-widget-container\">\n\t\t\t\t\t<div\t\tclass=\"sc_skills sc_skills_counter_modern sc_skills_counter_style_counter\"\n\t\t\t\tdata-type=\"counter\" ><div class=\"sc_skills_columns sc_item_columns trx_addons_columns_wrap columns_padding_bottom columns_in_single_row\"><div class=\"sc_skills_column trx_addons_column-1_4 trx_addons_column-1_2-mobile\"><div class=\"sc_skills_item_wrap sc_skills_item_icon_position_top\"><div class=\"sc_skills_item\"><div class=\"sc_skills_total\" data-start=\"0\" data-stop=\"900\" data-step=\"9\" data-max=\"900\" data-speed=\"15\" data-duration=\"1500\" data-ed=\"+\" data-style=\"counter\" style=\"color: #A8A8A8\">0+<\/div><\/div><div class=\"sc_skills_item_title\">PROJECT<\/div><\/div><\/div><div class=\"sc_skills_column trx_addons_column-1_4 trx_addons_column-1_2-mobile\"><div class=\"sc_skills_item_wrap sc_skills_item_icon_position_top\"><div class=\"sc_skills_item\"><div class=\"sc_skills_total\" data-start=\"0\" data-stop=\"20\" data-step=\"0.2\" data-max=\"900\" data-speed=\"15\" data-duration=\"1500\" data-ed=\"+\" data-style=\"counter\" style=\"color: #A8A8A8\">0+<\/div><\/div><div class=\"sc_skills_item_title\">EMPLOYEE<\/div><\/div><\/div><div class=\"sc_skills_column trx_addons_column-1_4 trx_addons_column-1_2-mobile\"><div class=\"sc_skills_item_wrap sc_skills_item_icon_position_top\"><div class=\"sc_skills_item\"><div class=\"sc_skills_total\" data-start=\"0\" data-stop=\"50\" data-step=\"0.5\" data-max=\"900\" data-speed=\"15\" data-duration=\"1500\" data-ed=\"\" data-style=\"counter\" style=\"color: #A8A8A8\">0<\/div><\/div><div class=\"sc_skills_item_title\">YEARS OF EXPERIENCE<\/div><\/div><\/div><div class=\"sc_skills_column trx_addons_column-1_4 trx_addons_column-1_2-mobile\"><div class=\"sc_skills_item_wrap sc_skills_item_icon_position_top\"><div class=\"sc_skills_item\"><div class=\"sc_skills_total\" data-start=\"0\" data-stop=\"99\" data-step=\"0.99\" data-max=\"900\" data-speed=\"15\" data-duration=\"1500\" data-ed=\"%\" data-style=\"counter\" style=\"color: #A8A8A8\">0%<\/div><\/div><div class=\"sc_skills_item_title\">POSITIVE FEEDBACK<\/div><\/div><\/div><\/div><\/div>\t\t\t\t<\/div>\n\t\t\t\t<\/div>\n\t\t\t\t\t<\/div>\n\t\t<\/div>\n\t\t\t\t\t<\/div>\n\t\t<\/section>\n\t\t\t\t<div class=\"elementor-element elementor-element-a10ee90 sc_height_huge sc_fly_static elementor-widget elementor-widget-spacer\" data-id=\"a10ee90\" data-element_type=\"widget\" data-e-type=\"widget\" data-widget_type=\"spacer.default\">\n\t\t\t\t<div class=\"elementor-widget-container\">\n\t\t\t\t\t\t\t<div class=\"elementor-spacer\">\n\t\t\t<div class=\"elementor-spacer-inner\"><\/div>\n\t\t<\/div>\n\t\t\t\t\t\t<\/div>\n\t\t\t\t<\/div>\n\t\t\t\t\t<\/div>\n\t\t<\/div>\n\t\t\t\t\t<\/div>\n\t\t<\/section>\n\t\t\t\t<\/div>\n\t\t","protected":false},"excerpt":{"rendered":"<p>We create functional and durable workspaces! About Us Detail Industry Equipment, mainly operates in the field of interior cabinet equipment, mold shelf with drawers, work benches, material and tool cabinets,&hellip;<\/p>\n","protected":false},"author":1,"featured_media":0,"parent":0,"menu_order":0,"comment_status":"closed","ping_status":"closed","template":"","meta":{"footnotes":""},"class_list":["post-34842","page","type-page","status-publish","hentry"],"yoast_head":"<!-- This site is optimized with the Yoast SEO plugin v27.5 - https:\/\/yoast.com\/product\/yoast-seo-wordpress\/ -->\n<title>About Our Company and Expertise \u2013 Detay End\u00fcstri<\/title>\n<meta name=\"description\" content=\"Learn more about Detay End\u00fcstri, our expertise in industrial storage systems, engineering solutions and commitment to quality and innovation.\" \/>\n<meta name=\"robots\" content=\"index, follow, max-snippet:-1, max-image-preview:large, max-video-preview:-1\" \/>\n<link rel=\"canonical\" href=\"https:\/\/www.detayendustri.com\/en\/about-us\/\" \/>\n<meta property=\"og:locale\" content=\"en_US\" \/>\n<meta property=\"og:type\" content=\"article\" \/>\n<meta property=\"og:title\" content=\"About Our Company and Expertise \u2013 Detay End\u00fcstri\" \/>\n<meta property=\"og:description\" content=\"Learn more about Detay End\u00fcstri, our expertise in industrial storage systems, engineering solutions and commitment to quality and innovation.\" \/>\n<meta property=\"og:url\" content=\"https:\/\/www.detayendustri.com\/en\/about-us\/\" \/>\n<meta property=\"og:site_name\" content=\"Detay End\u00fcstri\" \/>\n<meta property=\"article:publisher\" content=\"https:\/\/www.facebook.com\/Detay-End%c3%bcstri-Ekipmanlar%c4%b1-Sanayi-ve-TicLtd%c5%9eti-1133600626818013\/\" \/>\n<meta property=\"article:modified_time\" content=\"2026-03-04T08:36:27+00:00\" \/>\n<meta property=\"og:image\" content=\"https:\/\/www.detayendustri.com\/wp-content\/uploads\/elementor\/thumbs\/ana-sayfa-hakkimizda-gorseli-rgvcg8euhfdwwzbsipqttd46q44n705oqmep6zm4gk.jpeg\" \/>\n<meta name=\"twitter:card\" content=\"summary_large_image\" \/>\n<meta name=\"twitter:label1\" content=\"Est. reading time\" \/>\n\t<meta name=\"twitter:data1\" content=\"1 minute\" \/>\n<script type=\"application\/ld+json\" class=\"yoast-schema-graph\">{\"@context\":\"https:\\\/\\\/schema.org\",\"@graph\":[{\"@type\":\"WebPage\",\"@id\":\"https:\\\/\\\/www.detayendustri.com\\\/en\\\/about-us\\\/\",\"url\":\"https:\\\/\\\/www.detayendustri.com\\\/en\\\/about-us\\\/\",\"name\":\"About Our Company and Expertise \u2013 Detay End\u00fcstri\",\"isPartOf\":{\"@id\":\"https:\\\/\\\/www.detayendustri.com\\\/en\\\/#website\"},\"primaryImageOfPage\":{\"@id\":\"https:\\\/\\\/www.detayendustri.com\\\/en\\\/about-us\\\/#primaryimage\"},\"image\":{\"@id\":\"https:\\\/\\\/www.detayendustri.com\\\/en\\\/about-us\\\/#primaryimage\"},\"thumbnailUrl\":\"https:\\\/\\\/www.detayendustri.com\\\/wp-content\\\/uploads\\\/elementor\\\/thumbs\\\/ana-sayfa-hakkimizda-gorseli-rgvcg8euhfdwwzbsipqttd46q44n705oqmep6zm4gk.jpeg\",\"datePublished\":\"2023-03-07T10:55:04+00:00\",\"dateModified\":\"2026-03-04T08:36:27+00:00\",\"description\":\"Learn more about Detay End\u00fcstri, our expertise in industrial storage systems, engineering solutions and commitment to quality and innovation.\",\"breadcrumb\":{\"@id\":\"https:\\\/\\\/www.detayendustri.com\\\/en\\\/about-us\\\/#breadcrumb\"},\"inLanguage\":\"en-US\",\"potentialAction\":[{\"@type\":\"ReadAction\",\"target\":[\"https:\\\/\\\/www.detayendustri.com\\\/en\\\/about-us\\\/\"]}]},{\"@type\":\"ImageObject\",\"inLanguage\":\"en-US\",\"@id\":\"https:\\\/\\\/www.detayendustri.com\\\/en\\\/about-us\\\/#primaryimage\",\"url\":\"https:\\\/\\\/www.detayendustri.com\\\/wp-content\\\/uploads\\\/elementor\\\/thumbs\\\/ana-sayfa-hakkimizda-gorseli-rgvcg8euhfdwwzbsipqttd46q44n705oqmep6zm4gk.jpeg\",\"contentUrl\":\"https:\\\/\\\/www.detayendustri.com\\\/wp-content\\\/uploads\\\/elementor\\\/thumbs\\\/ana-sayfa-hakkimizda-gorseli-rgvcg8euhfdwwzbsipqttd46q44n705oqmep6zm4gk.jpeg\"},{\"@type\":\"BreadcrumbList\",\"@id\":\"https:\\\/\\\/www.detayendustri.com\\\/en\\\/about-us\\\/#breadcrumb\",\"itemListElement\":[{\"@type\":\"ListItem\",\"position\":1,\"name\":\"Anasayfa\",\"item\":\"https:\\\/\\\/www.detayendustri.com\\\/en\\\/construction\\\/\"},{\"@type\":\"ListItem\",\"position\":2,\"name\":\"About Us\"}]},{\"@type\":\"WebSite\",\"@id\":\"https:\\\/\\\/www.detayendustri.com\\\/en\\\/#website\",\"url\":\"https:\\\/\\\/www.detayendustri.com\\\/en\\\/\",\"name\":\"Detay End\u00fcstri\",\"description\":\"DO YOU HAVE ANY QUESTIONS? ||WRITE NOW!\",\"publisher\":{\"@id\":\"https:\\\/\\\/www.detayendustri.com\\\/en\\\/#organization\"},\"potentialAction\":[{\"@type\":\"SearchAction\",\"target\":{\"@type\":\"EntryPoint\",\"urlTemplate\":\"https:\\\/\\\/www.detayendustri.com\\\/en\\\/?s={search_term_string}\"},\"query-input\":{\"@type\":\"PropertyValueSpecification\",\"valueRequired\":true,\"valueName\":\"search_term_string\"}}],\"inLanguage\":\"en-US\"},{\"@type\":\"Organization\",\"@id\":\"https:\\\/\\\/www.detayendustri.com\\\/en\\\/#organization\",\"name\":\"Detay End\u00fcstri\",\"url\":\"https:\\\/\\\/www.detayendustri.com\\\/en\\\/\",\"logo\":{\"@type\":\"ImageObject\",\"inLanguage\":\"en-US\",\"@id\":\"https:\\\/\\\/www.detayendustri.com\\\/en\\\/#\\\/schema\\\/logo\\\/image\\\/\",\"url\":\"\",\"contentUrl\":\"\",\"caption\":\"Detay End\u00fcstri\"},\"image\":{\"@id\":\"https:\\\/\\\/www.detayendustri.com\\\/en\\\/#\\\/schema\\\/logo\\\/image\\\/\"},\"sameAs\":[\"https:\\\/\\\/www.facebook.com\\\/Detay-End\u00fcstri-Ekipmanlar\u0131-Sanayi-ve-TicLtd\u015eti-1133600626818013\\\/\",\"https:\\\/\\\/www.instagram.com\\\/detay.endustri.ekipmanlari\\\/\"]}]}<\/script>\n<!-- \/ Yoast SEO plugin. -->","yoast_head_json":{"title":"About Our Company and Expertise \u2013 Detay End\u00fcstri","description":"Learn more about Detay End\u00fcstri, our expertise in industrial storage systems, engineering solutions and commitment to quality and innovation.","robots":{"index":"index","follow":"follow","max-snippet":"max-snippet:-1","max-image-preview":"max-image-preview:large","max-video-preview":"max-video-preview:-1"},"canonical":"https:\/\/www.detayendustri.com\/en\/about-us\/","og_locale":"en_US","og_type":"article","og_title":"About Our Company and Expertise \u2013 Detay End\u00fcstri","og_description":"Learn more about Detay End\u00fcstri, our expertise in industrial storage systems, engineering solutions and commitment to quality and innovation.","og_url":"https:\/\/www.detayendustri.com\/en\/about-us\/","og_site_name":"Detay End\u00fcstri","article_publisher":"https:\/\/www.facebook.com\/Detay-End%c3%bcstri-Ekipmanlar%c4%b1-Sanayi-ve-TicLtd%c5%9eti-1133600626818013\/","article_modified_time":"2026-03-04T08:36:27+00:00","og_image":[{"url":"https:\/\/www.detayendustri.com\/wp-content\/uploads\/elementor\/thumbs\/ana-sayfa-hakkimizda-gorseli-rgvcg8euhfdwwzbsipqttd46q44n705oqmep6zm4gk.jpeg","type":"","width":"","height":""}],"twitter_card":"summary_large_image","twitter_misc":{"Est. reading time":"1 minute"},"schema":{"@context":"https:\/\/schema.org","@graph":[{"@type":"WebPage","@id":"https:\/\/www.detayendustri.com\/en\/about-us\/","url":"https:\/\/www.detayendustri.com\/en\/about-us\/","name":"About Our Company and Expertise \u2013 Detay End\u00fcstri","isPartOf":{"@id":"https:\/\/www.detayendustri.com\/en\/#website"},"primaryImageOfPage":{"@id":"https:\/\/www.detayendustri.com\/en\/about-us\/#primaryimage"},"image":{"@id":"https:\/\/www.detayendustri.com\/en\/about-us\/#primaryimage"},"thumbnailUrl":"https:\/\/www.detayendustri.com\/wp-content\/uploads\/elementor\/thumbs\/ana-sayfa-hakkimizda-gorseli-rgvcg8euhfdwwzbsipqttd46q44n705oqmep6zm4gk.jpeg","datePublished":"2023-03-07T10:55:04+00:00","dateModified":"2026-03-04T08:36:27+00:00","description":"Learn more about Detay End\u00fcstri, our expertise in industrial storage systems, engineering solutions and commitment to quality and innovation.","breadcrumb":{"@id":"https:\/\/www.detayendustri.com\/en\/about-us\/#breadcrumb"},"inLanguage":"en-US","potentialAction":[{"@type":"ReadAction","target":["https:\/\/www.detayendustri.com\/en\/about-us\/"]}]},{"@type":"ImageObject","inLanguage":"en-US","@id":"https:\/\/www.detayendustri.com\/en\/about-us\/#primaryimage","url":"https:\/\/www.detayendustri.com\/wp-content\/uploads\/elementor\/thumbs\/ana-sayfa-hakkimizda-gorseli-rgvcg8euhfdwwzbsipqttd46q44n705oqmep6zm4gk.jpeg","contentUrl":"https:\/\/www.detayendustri.com\/wp-content\/uploads\/elementor\/thumbs\/ana-sayfa-hakkimizda-gorseli-rgvcg8euhfdwwzbsipqttd46q44n705oqmep6zm4gk.jpeg"},{"@type":"BreadcrumbList","@id":"https:\/\/www.detayendustri.com\/en\/about-us\/#breadcrumb","itemListElement":[{"@type":"ListItem","position":1,"name":"Anasayfa","item":"https:\/\/www.detayendustri.com\/en\/construction\/"},{"@type":"ListItem","position":2,"name":"About Us"}]},{"@type":"WebSite","@id":"https:\/\/www.detayendustri.com\/en\/#website","url":"https:\/\/www.detayendustri.com\/en\/","name":"Detay End\u00fcstri","description":"DO YOU HAVE ANY QUESTIONS? ||WRITE NOW!","publisher":{"@id":"https:\/\/www.detayendustri.com\/en\/#organization"},"potentialAction":[{"@type":"SearchAction","target":{"@type":"EntryPoint","urlTemplate":"https:\/\/www.detayendustri.com\/en\/?s={search_term_string}"},"query-input":{"@type":"PropertyValueSpecification","valueRequired":true,"valueName":"search_term_string"}}],"inLanguage":"en-US"},{"@type":"Organization","@id":"https:\/\/www.detayendustri.com\/en\/#organization","name":"Detay End\u00fcstri","url":"https:\/\/www.detayendustri.com\/en\/","logo":{"@type":"ImageObject","inLanguage":"en-US","@id":"https:\/\/www.detayendustri.com\/en\/#\/schema\/logo\/image\/","url":"","contentUrl":"","caption":"Detay End\u00fcstri"},"image":{"@id":"https:\/\/www.detayendustri.com\/en\/#\/schema\/logo\/image\/"},"sameAs":["https:\/\/www.facebook.com\/Detay-End\u00fcstri-Ekipmanlar\u0131-Sanayi-ve-TicLtd\u015eti-1133600626818013\/","https:\/\/www.instagram.com\/detay.endustri.ekipmanlari\/"]}]}},"_links":{"self":[{"href":"https:\/\/www.detayendustri.com\/en\/wp-json\/wp\/v2\/pages\/34842","targetHints":{"allow":["GET"]}}],"collection":[{"href":"https:\/\/www.detayendustri.com\/en\/wp-json\/wp\/v2\/pages"}],"about":[{"href":"https:\/\/www.detayendustri.com\/en\/wp-json\/wp\/v2\/types\/page"}],"author":[{"embeddable":true,"href":"https:\/\/www.detayendustri.com\/en\/wp-json\/wp\/v2\/users\/1"}],"replies":[{"embeddable":true,"href":"https:\/\/www.detayendustri.com\/en\/wp-json\/wp\/v2\/comments?post=34842"}],"version-history":[{"count":1,"href":"https:\/\/www.detayendustri.com\/en\/wp-json\/wp\/v2\/pages\/34842\/revisions"}],"predecessor-version":[{"id":39449,"href":"https:\/\/www.detayendustri.com\/en\/wp-json\/wp\/v2\/pages\/34842\/revisions\/39449"}],"wp:attachment":[{"href":"https:\/\/www.detayendustri.com\/en\/wp-json\/wp\/v2\/media?parent=34842"}],"curies":[{"name":"wp","href":"https:\/\/api.w.org\/{rel}","templated":true}]}}