{"id":34801,"date":"2023-03-07T11:12:41","date_gmt":"2023-03-07T08:12:41","guid":{"rendered":"https:\/\/www.detayendustri.com\/iletisim\/"},"modified":"2026-05-08T11:49:50","modified_gmt":"2026-05-08T08:49:50","slug":"contact","status":"publish","type":"page","link":"https:\/\/www.detayendustri.com\/en\/contact\/","title":{"rendered":"Contact"},"content":{"rendered":"\t\t<div data-elementor-type=\"wp-page\" data-elementor-id=\"34801\" class=\"elementor elementor-34801 elementor-1453\" data-elementor-post-type=\"page\">\n\t\t\t\t\t\t<section class=\"elementor-section elementor-top-section elementor-element elementor-element-306f2c24 elementor-section-boxed elementor-section-height-default elementor-section-height-default sc_fly_static\" data-id=\"306f2c24\" data-element_type=\"section\" data-e-type=\"section\">\n\t\t\t\t\t\t<div class=\"elementor-container elementor-column-gap-extended\">\n\t\t\t\t\t<div class=\"elementor-column elementor-col-100 elementor-top-column elementor-element elementor-element-367ee624 sc_content_align_inherit sc_layouts_column_icons_position_left sc_fly_static\" data-id=\"367ee624\" data-element_type=\"column\" data-e-type=\"column\">\n\t\t\t<div class=\"elementor-widget-wrap elementor-element-populated\">\n\t\t\t\t\t\t<div class=\"elementor-element elementor-element-3ecd4bc8 sc_height_huge sc_fly_static elementor-widget elementor-widget-spacer\" data-id=\"3ecd4bc8\" data-element_type=\"widget\" data-e-type=\"widget\" data-widget_type=\"spacer.default\">\n\t\t\t\t<div class=\"elementor-widget-container\">\n\t\t\t\t\t\t\t<div class=\"elementor-spacer\">\n\t\t\t<div class=\"elementor-spacer-inner\"><\/div>\n\t\t<\/div>\n\t\t\t\t\t\t<\/div>\n\t\t\t\t<\/div>\n\t\t\t\t<section class=\"elementor-section elementor-inner-section elementor-element elementor-element-a444612 elementor-section-boxed elementor-section-height-default elementor-section-height-default sc_fly_static\" data-id=\"a444612\" data-element_type=\"section\" data-e-type=\"section\">\n\t\t\t\t\t\t<div class=\"elementor-container elementor-column-gap-no\">\n\t\t\t\t\t<div class=\"elementor-column elementor-col-50 elementor-inner-column elementor-element elementor-element-2aa59636 sc_content_align_inherit sc_layouts_column_icons_position_left sc_fly_static\" data-id=\"2aa59636\" data-element_type=\"column\" data-e-type=\"column\">\n\t\t\t<div class=\"elementor-widget-wrap elementor-element-populated\">\n\t\t\t\t\t\t<div class=\"elementor-element elementor-element-27bab5e8 sc_fly_static elementor-widget elementor-widget-trx_sc_title\" data-id=\"27bab5e8\" data-element_type=\"widget\" data-e-type=\"widget\" data-widget_type=\"trx_sc_title.default\">\n\t\t\t\t<div class=\"elementor-widget-container\">\n\t\t\t\t\t<div\t\tclass=\"sc_title sc_title_default\" ><span class=\"sc_item_subtitle sc_title_subtitle sc_item_subtitle_above sc_item_title_style_default\">Write to us<\/span><h1 class=\"sc_item_title sc_title_title sc_item_title_style_default sc_item_title_tag\"\n\t\t\t><span class=\"sc_item_title_text\">Write to us<\/span><\/h1><div class=\"sc_item_descr sc_title_descr\"><p>If you have any questions, please feel free to contact us using the contact form below. We will get back to you as soon as possible.<\/p>\n<\/div><\/div>\t\t\t\t<\/div>\n\t\t\t\t<\/div>\n\t\t\t\t<div class=\"elementor-element elementor-element-e9ed96c sc_fly_static elementor-widget elementor-widget-text-editor\" data-id=\"e9ed96c\" data-element_type=\"widget\" data-e-type=\"widget\" data-widget_type=\"text-editor.default\">\n\t\t\t\t<div class=\"elementor-widget-container\">\n\t\t\t\t\t\t\t\t\t<p class=\"wpcf7-contact-form-not-found\"><strong>Error:<\/strong> Contact form not found.<\/p>\t\t\t\t\t\t\t\t<\/div>\n\t\t\t\t<\/div>\n\t\t\t\t\t<\/div>\n\t\t<\/div>\n\t\t\t\t<div class=\"elementor-column elementor-col-50 elementor-inner-column elementor-element elementor-element-4d2981a6 sc_content_align_inherit sc_layouts_column_icons_position_left sc_fly_static\" data-id=\"4d2981a6\" data-element_type=\"column\" data-e-type=\"column\">\n\t\t\t<div class=\"elementor-widget-wrap elementor-element-populated\">\n\t\t\t\t\t\t<div class=\"elementor-element elementor-element-525271f7 sc_layouts_hide_on_tablet sc_layouts_hide_on_mobile sc_fly_static elementor-widget elementor-widget-spacer\" data-id=\"525271f7\" data-element_type=\"widget\" data-e-type=\"widget\" data-widget_type=\"spacer.default\">\n\t\t\t\t<div class=\"elementor-widget-container\">\n\t\t\t\t\t\t\t<div class=\"elementor-spacer\">\n\t\t\t<div class=\"elementor-spacer-inner\"><\/div>\n\t\t<\/div>\n\t\t\t\t\t\t<\/div>\n\t\t\t\t<\/div>\n\t\t\t\t<div class=\"elementor-element elementor-element-18516ba9 sc_layouts_hide_on_wide sc_layouts_hide_on_desktop sc_layouts_hide_on_notebook sc_fly_static elementor-widget elementor-widget-spacer\" data-id=\"18516ba9\" data-element_type=\"widget\" data-e-type=\"widget\" data-widget_type=\"spacer.default\">\n\t\t\t\t<div class=\"elementor-widget-container\">\n\t\t\t\t\t\t\t<div class=\"elementor-spacer\">\n\t\t\t<div class=\"elementor-spacer-inner\"><\/div>\n\t\t<\/div>\n\t\t\t\t\t\t<\/div>\n\t\t\t\t<\/div>\n\t\t\t\t<div class=\"elementor-element elementor-element-39368c24 sc_fly_static elementor-widget elementor-widget-trx_sc_icons\" data-id=\"39368c24\" data-element_type=\"widget\" data-e-type=\"widget\" data-widget_type=\"trx_sc_icons.default\">\n\t\t\t\t<div class=\"elementor-widget-container\">\n\t\t\t\t\t<div \tclass=\"sc_icons sc_icons_bordered sc_icons_size_small sc_align_none\" ><div class=\"sc_icons_columns_wrap sc_item_columns trx_addons_columns_wrap columns_padding_bottom columns_in_single_row\" ><div class=\"trx_addons_column-1_2 trx_addons_column-1_1-tablet\"><div class=\"sc_icons_item\"><div class=\"sc_icons_icon sc_icon_type_ icon-marker\" ><span class=\"sc_icon_type_ icon-marker\"><\/span><\/div><div class=\"sc_icons_item_details\"><h4 class=\"sc_icons_item_title\"><span>Address<\/span><\/h4><div class=\"sc_icons_item_description\"><span>T\u00fcrkiye \u2014<\/span><span>K\u00fc\u00e7\u00fckbal\u0131kl\u0131 Mahallesi 4.Bulut Sokak No:32 Osmangazi Bursa<\/span><\/div><\/div><\/div><\/div><div class=\"trx_addons_column-1_2 trx_addons_column-1_1-tablet\"><div class=\"sc_icons_item sc_icons_item_linked with_more\"><div class=\"sc_icons_icon sc_icon_type_ icon-iphone\" ><span class=\"sc_icon_type_ icon-iphone\"><\/span><\/div><div class=\"sc_icons_item_details\"><h4 class=\"sc_icons_item_title\"><a href=\"mailto:info@detayendustri.com\">\n                                    Contact Information                                    <\/a><\/h4><div class=\"sc_icons_item_description\"><span><a href=\"tel:+90 224 250 5030\">+90 224 250 5030<\/a><br><\/span><span><a href=\"tel:+90 541 297 2884\">+90 541 297 2884<\/a><\/span><\/div><a href=\"mailto:info@detayendustri.com\" class=\"sc_icons_item_more_link\">\n                        <span class=\"link_text\">info@detayendustri.com<\/span><span class=\"link_icon\"><\/span>\n                        <\/a><a href=\"mailto:info@detayendustri.com\"\n                        class=\"sc_icons_item_link\">\n                        <\/a><\/div><\/div><\/div><\/div><\/div><!-- \/.sc_icons -->\t\t\t\t<\/div>\n\t\t\t\t<\/div>\n\t\t\t\t<div class=\"elementor-element elementor-element-b6774ca sc_layouts_hide_on_tablet sc_layouts_hide_on_mobile sc_fly_static elementor-widget elementor-widget-spacer\" data-id=\"b6774ca\" data-element_type=\"widget\" data-e-type=\"widget\" data-widget_type=\"spacer.default\">\n\t\t\t\t<div class=\"elementor-widget-container\">\n\t\t\t\t\t\t\t<div class=\"elementor-spacer\">\n\t\t\t<div class=\"elementor-spacer-inner\"><\/div>\n\t\t<\/div>\n\t\t\t\t\t\t<\/div>\n\t\t\t\t<\/div>\n\t\t\t\t<div class=\"elementor-element elementor-element-96b5387 sc_fly_static elementor-widget elementor-widget-trx_sc_title\" data-id=\"96b5387\" data-element_type=\"widget\" data-e-type=\"widget\" data-widget_type=\"trx_sc_title.default\">\n\t\t\t\t<div class=\"elementor-widget-container\">\n\t\t\t\t\t<div\t\tclass=\"sc_title sc_title_default\" ><h1 class=\"sc_item_title sc_title_title sc_item_title_style_default sc_item_title_tag\"\n\t\t\t><span class=\"sc_item_title_text\">Follow Us<\/span><\/h1><\/div>\t\t\t\t<\/div>\n\t\t\t\t<\/div>\n\t\t\t\t<div class=\"elementor-element elementor-element-5f5c2af elementor-shape-rounded elementor-grid-0 sc_fly_static elementor-widget elementor-widget-social-icons\" data-id=\"5f5c2af\" data-element_type=\"widget\" data-e-type=\"widget\" data-widget_type=\"social-icons.default\">\n\t\t\t\t<div class=\"elementor-widget-container\">\n\t\t\t\t\t\t\t<div class=\"elementor-social-icons-wrapper elementor-grid\" role=\"list\">\n\t\t\t\t\t\t\t<span class=\"elementor-grid-item\" role=\"listitem\">\n\t\t\t\t\t<a class=\"elementor-icon elementor-social-icon elementor-social-icon-facebook elementor-repeater-item-9fdc505\" href=\"https:\/\/www.facebook.com\/Detay-End%C3%BCstri-Ekipmanlar%C4%B1-Sanayi-ve-TicLtd%C5%9Eti-1133600626818013\/\" target=\"_blank\">\n\t\t\t\t\t\t<span class=\"elementor-screen-only\">Facebook<\/span>\n\t\t\t\t\t\t<i aria-hidden=\"true\" class=\"fab fa-facebook\"><\/i>\t\t\t\t\t<\/a>\n\t\t\t\t<\/span>\n\t\t\t\t\t\t\t<span class=\"elementor-grid-item\" role=\"listitem\">\n\t\t\t\t\t<a class=\"elementor-icon elementor-social-icon elementor-social-icon-youtube elementor-repeater-item-7627915\" href=\"https:\/\/www.youtube.com\/channel\/UC68oNCDBbzMYnfUti3SkJ5Q\" target=\"_blank\">\n\t\t\t\t\t\t<span class=\"elementor-screen-only\">Youtube<\/span>\n\t\t\t\t\t\t<i aria-hidden=\"true\" class=\"fab fa-youtube\"><\/i>\t\t\t\t\t<\/a>\n\t\t\t\t<\/span>\n\t\t\t\t\t\t\t<span class=\"elementor-grid-item\" role=\"listitem\">\n\t\t\t\t\t<a class=\"elementor-icon elementor-social-icon elementor-social-icon-instagram elementor-repeater-item-4f4b08c\" href=\"https:\/\/www.instagram.com\/detay.endustri.ekipmanlari\/\" target=\"_blank\">\n\t\t\t\t\t\t<span class=\"elementor-screen-only\">Instagram<\/span>\n\t\t\t\t\t\t<i aria-hidden=\"true\" class=\"fab fa-instagram\"><\/i>\t\t\t\t\t<\/a>\n\t\t\t\t<\/span>\n\t\t\t\t\t<\/div>\n\t\t\t\t\t\t<\/div>\n\t\t\t\t<\/div>\n\t\t\t\t\t<\/div>\n\t\t<\/div>\n\t\t\t\t\t<\/div>\n\t\t<\/section>\n\t\t\t\t<div class=\"elementor-element elementor-element-40c36669 sc_height_huge sc_fly_static elementor-widget elementor-widget-spacer\" data-id=\"40c36669\" data-element_type=\"widget\" data-e-type=\"widget\" data-widget_type=\"spacer.default\">\n\t\t\t\t<div class=\"elementor-widget-container\">\n\t\t\t\t\t\t\t<div class=\"elementor-spacer\">\n\t\t\t<div class=\"elementor-spacer-inner\"><\/div>\n\t\t<\/div>\n\t\t\t\t\t\t<\/div>\n\t\t\t\t<\/div>\n\t\t\t\t\t<\/div>\n\t\t<\/div>\n\t\t\t\t\t<\/div>\n\t\t<\/section>\n\t\t\t\t<section class=\"elementor-section elementor-top-section elementor-element elementor-element-b35b84a elementor-section-full_width elementor-section-height-default elementor-section-height-default sc_fly_static\" data-id=\"b35b84a\" data-element_type=\"section\" data-e-type=\"section\" data-settings=\"{&quot;background_background&quot;:&quot;classic&quot;}\">\n\t\t\t\t\t\t<div class=\"elementor-container elementor-column-gap-no\">\n\t\t\t\t\t<div class=\"elementor-column elementor-col-100 elementor-top-column elementor-element elementor-element-d92b45a sc_content_align_inherit sc_layouts_column_icons_position_left sc_fly_static\" data-id=\"d92b45a\" data-element_type=\"column\" data-e-type=\"column\">\n\t\t\t<div class=\"elementor-widget-wrap elementor-element-populated\">\n\t\t\t\t\t\t<div class=\"elementor-element elementor-element-08cbd6b sc_fly_static elementor-widget elementor-widget-html\" data-id=\"08cbd6b\" data-element_type=\"widget\" data-e-type=\"widget\" data-widget_type=\"html.default\">\n\t\t\t\t<div class=\"elementor-widget-container\">\n\t\t\t\t\t<iframe src=\"https:\/\/www.google.com\/maps\/embed?pb=!1m14!1m8!1m3!1d56236.41891073277!2d29.076255!3d40.216441!3m2!1i1024!2i768!4f13.1!3m3!1m2!1s0x14ca3fafdb30cbe5%3A0x4bc326463d7233b7!2sDetay%20End%C3%BCstri!5e1!3m2!1str!2str!4v1761827921355!5m2!1str!2str\" width=\"100%\" height=\"590\" style=\"border:0;\" allowfullscreen=\"\" loading=\"lazy\" referrerpolicy=\"no-referrer-when-downgrade\"><\/iframe>\t\t\t\t<\/div>\n\t\t\t\t<\/div>\n\t\t\t\t\t<\/div>\n\t\t<\/div>\n\t\t\t\t\t<\/div>\n\t\t<\/section>\n\t\t\t\t<\/div>\n\t\t","protected":false},"excerpt":{"rendered":"<p>Write to us Write to us If you have any questions, please feel free to contact us using the contact form below. We will get back to you as soon&hellip;<\/p>\n","protected":false},"author":1,"featured_media":0,"parent":0,"menu_order":0,"comment_status":"closed","ping_status":"closed","template":"","meta":{"footnotes":""},"class_list":["post-34801","page","type-page","status-publish","hentry"],"yoast_head":"<!-- This site is optimized with the Yoast SEO plugin v27.5 - https:\/\/yoast.com\/product\/yoast-seo-wordpress\/ -->\n<title>Contact and Request a Quote \u2013 Detay End\u00fcstri<\/title>\n<meta name=\"description\" content=\"Contact Detay End\u00fcstri for project inquiries and technical support. Reach our team quickly for reliable industrial storage solutions.\" \/>\n<meta name=\"robots\" content=\"index, follow, max-snippet:-1, max-image-preview:large, max-video-preview:-1\" \/>\n<link rel=\"canonical\" href=\"https:\/\/www.detayendustri.com\/en\/contact\/\" \/>\n<meta property=\"og:locale\" content=\"en_US\" \/>\n<meta property=\"og:type\" content=\"article\" \/>\n<meta property=\"og:title\" content=\"Contact and Request a Quote \u2013 Detay End\u00fcstri\" \/>\n<meta property=\"og:description\" content=\"Contact Detay End\u00fcstri for project inquiries and technical support. Reach our team quickly for reliable industrial storage solutions.\" \/>\n<meta property=\"og:url\" content=\"https:\/\/www.detayendustri.com\/en\/contact\/\" \/>\n<meta property=\"og:site_name\" content=\"Detay End\u00fcstri\" \/>\n<meta property=\"article:publisher\" content=\"https:\/\/www.facebook.com\/Detay-End%c3%bcstri-Ekipmanlar%c4%b1-Sanayi-ve-TicLtd%c5%9eti-1133600626818013\/\" \/>\n<meta property=\"article:modified_time\" content=\"2026-05-08T08:49:50+00:00\" \/>\n<meta name=\"twitter:card\" content=\"summary_large_image\" \/>\n<script type=\"application\/ld+json\" class=\"yoast-schema-graph\">{\"@context\":\"https:\\\/\\\/schema.org\",\"@graph\":[{\"@type\":\"WebPage\",\"@id\":\"https:\\\/\\\/www.detayendustri.com\\\/en\\\/contact\\\/\",\"url\":\"https:\\\/\\\/www.detayendustri.com\\\/en\\\/contact\\\/\",\"name\":\"Contact and Request a Quote \u2013 Detay End\u00fcstri\",\"isPartOf\":{\"@id\":\"https:\\\/\\\/www.detayendustri.com\\\/en\\\/#website\"},\"datePublished\":\"2023-03-07T08:12:41+00:00\",\"dateModified\":\"2026-05-08T08:49:50+00:00\",\"description\":\"Contact Detay End\u00fcstri for project inquiries and technical support. Reach our team quickly for reliable industrial storage solutions.\",\"breadcrumb\":{\"@id\":\"https:\\\/\\\/www.detayendustri.com\\\/en\\\/contact\\\/#breadcrumb\"},\"inLanguage\":\"en-US\",\"potentialAction\":[{\"@type\":\"ReadAction\",\"target\":[\"https:\\\/\\\/www.detayendustri.com\\\/en\\\/contact\\\/\"]}]},{\"@type\":\"BreadcrumbList\",\"@id\":\"https:\\\/\\\/www.detayendustri.com\\\/en\\\/contact\\\/#breadcrumb\",\"itemListElement\":[{\"@type\":\"ListItem\",\"position\":1,\"name\":\"Anasayfa\",\"item\":\"https:\\\/\\\/www.detayendustri.com\\\/en\\\/\"},{\"@type\":\"ListItem\",\"position\":2,\"name\":\"Contact\"}]},{\"@type\":\"WebSite\",\"@id\":\"https:\\\/\\\/www.detayendustri.com\\\/en\\\/#website\",\"url\":\"https:\\\/\\\/www.detayendustri.com\\\/en\\\/\",\"name\":\"Detay End\u00fcstri\",\"description\":\"DO YOU HAVE ANY QUESTIONS? ||WRITE NOW!\",\"publisher\":{\"@id\":\"https:\\\/\\\/www.detayendustri.com\\\/en\\\/#organization\"},\"potentialAction\":[{\"@type\":\"SearchAction\",\"target\":{\"@type\":\"EntryPoint\",\"urlTemplate\":\"https:\\\/\\\/www.detayendustri.com\\\/en\\\/?s={search_term_string}\"},\"query-input\":{\"@type\":\"PropertyValueSpecification\",\"valueRequired\":true,\"valueName\":\"search_term_string\"}}],\"inLanguage\":\"en-US\"},{\"@type\":\"Organization\",\"@id\":\"https:\\\/\\\/www.detayendustri.com\\\/en\\\/#organization\",\"name\":\"Detay End\u00fcstri\",\"url\":\"https:\\\/\\\/www.detayendustri.com\\\/en\\\/\",\"logo\":{\"@type\":\"ImageObject\",\"inLanguage\":\"en-US\",\"@id\":\"https:\\\/\\\/www.detayendustri.com\\\/en\\\/#\\\/schema\\\/logo\\\/image\\\/\",\"url\":\"\",\"contentUrl\":\"\",\"caption\":\"Detay End\u00fcstri\"},\"image\":{\"@id\":\"https:\\\/\\\/www.detayendustri.com\\\/en\\\/#\\\/schema\\\/logo\\\/image\\\/\"},\"sameAs\":[\"https:\\\/\\\/www.facebook.com\\\/Detay-End\u00fcstri-Ekipmanlar\u0131-Sanayi-ve-TicLtd\u015eti-1133600626818013\\\/\",\"https:\\\/\\\/www.instagram.com\\\/detay.endustri.ekipmanlari\\\/\"]}]}<\/script>\n<!-- \/ Yoast SEO plugin. -->","yoast_head_json":{"title":"Contact and Request a Quote \u2013 Detay End\u00fcstri","description":"Contact Detay End\u00fcstri for project inquiries and technical support. Reach our team quickly for reliable industrial storage solutions.","robots":{"index":"index","follow":"follow","max-snippet":"max-snippet:-1","max-image-preview":"max-image-preview:large","max-video-preview":"max-video-preview:-1"},"canonical":"https:\/\/www.detayendustri.com\/en\/contact\/","og_locale":"en_US","og_type":"article","og_title":"Contact and Request a Quote \u2013 Detay End\u00fcstri","og_description":"Contact Detay End\u00fcstri for project inquiries and technical support. Reach our team quickly for reliable industrial storage solutions.","og_url":"https:\/\/www.detayendustri.com\/en\/contact\/","og_site_name":"Detay End\u00fcstri","article_publisher":"https:\/\/www.facebook.com\/Detay-End%c3%bcstri-Ekipmanlar%c4%b1-Sanayi-ve-TicLtd%c5%9eti-1133600626818013\/","article_modified_time":"2026-05-08T08:49:50+00:00","twitter_card":"summary_large_image","schema":{"@context":"https:\/\/schema.org","@graph":[{"@type":"WebPage","@id":"https:\/\/www.detayendustri.com\/en\/contact\/","url":"https:\/\/www.detayendustri.com\/en\/contact\/","name":"Contact and Request a Quote \u2013 Detay End\u00fcstri","isPartOf":{"@id":"https:\/\/www.detayendustri.com\/en\/#website"},"datePublished":"2023-03-07T08:12:41+00:00","dateModified":"2026-05-08T08:49:50+00:00","description":"Contact Detay End\u00fcstri for project inquiries and technical support. Reach our team quickly for reliable industrial storage solutions.","breadcrumb":{"@id":"https:\/\/www.detayendustri.com\/en\/contact\/#breadcrumb"},"inLanguage":"en-US","potentialAction":[{"@type":"ReadAction","target":["https:\/\/www.detayendustri.com\/en\/contact\/"]}]},{"@type":"BreadcrumbList","@id":"https:\/\/www.detayendustri.com\/en\/contact\/#breadcrumb","itemListElement":[{"@type":"ListItem","position":1,"name":"Anasayfa","item":"https:\/\/www.detayendustri.com\/en\/"},{"@type":"ListItem","position":2,"name":"Contact"}]},{"@type":"WebSite","@id":"https:\/\/www.detayendustri.com\/en\/#website","url":"https:\/\/www.detayendustri.com\/en\/","name":"Detay End\u00fcstri","description":"DO YOU HAVE ANY QUESTIONS? ||WRITE NOW!","publisher":{"@id":"https:\/\/www.detayendustri.com\/en\/#organization"},"potentialAction":[{"@type":"SearchAction","target":{"@type":"EntryPoint","urlTemplate":"https:\/\/www.detayendustri.com\/en\/?s={search_term_string}"},"query-input":{"@type":"PropertyValueSpecification","valueRequired":true,"valueName":"search_term_string"}}],"inLanguage":"en-US"},{"@type":"Organization","@id":"https:\/\/www.detayendustri.com\/en\/#organization","name":"Detay End\u00fcstri","url":"https:\/\/www.detayendustri.com\/en\/","logo":{"@type":"ImageObject","inLanguage":"en-US","@id":"https:\/\/www.detayendustri.com\/en\/#\/schema\/logo\/image\/","url":"","contentUrl":"","caption":"Detay End\u00fcstri"},"image":{"@id":"https:\/\/www.detayendustri.com\/en\/#\/schema\/logo\/image\/"},"sameAs":["https:\/\/www.facebook.com\/Detay-End\u00fcstri-Ekipmanlar\u0131-Sanayi-ve-TicLtd\u015eti-1133600626818013\/","https:\/\/www.instagram.com\/detay.endustri.ekipmanlari\/"]}]}},"_links":{"self":[{"href":"https:\/\/www.detayendustri.com\/en\/wp-json\/wp\/v2\/pages\/34801","targetHints":{"allow":["GET"]}}],"collection":[{"href":"https:\/\/www.detayendustri.com\/en\/wp-json\/wp\/v2\/pages"}],"about":[{"href":"https:\/\/www.detayendustri.com\/en\/wp-json\/wp\/v2\/types\/page"}],"author":[{"embeddable":true,"href":"https:\/\/www.detayendustri.com\/en\/wp-json\/wp\/v2\/users\/1"}],"replies":[{"embeddable":true,"href":"https:\/\/www.detayendustri.com\/en\/wp-json\/wp\/v2\/comments?post=34801"}],"version-history":[{"count":4,"href":"https:\/\/www.detayendustri.com\/en\/wp-json\/wp\/v2\/pages\/34801\/revisions"}],"predecessor-version":[{"id":41226,"href":"https:\/\/www.detayendustri.com\/en\/wp-json\/wp\/v2\/pages\/34801\/revisions\/41226"}],"wp:attachment":[{"href":"https:\/\/www.detayendustri.com\/en\/wp-json\/wp\/v2\/media?parent=34801"}],"curies":[{"name":"wp","href":"https:\/\/api.w.org\/{rel}","templated":true}]}}